{"id":1190,"date":"2025-05-12T22:17:36","date_gmt":"2025-05-12T20:17:36","guid":{"rendered":"https:\/\/laquintoneria.com\/?page_id=1190"},"modified":"2026-03-07T14:33:53","modified_gmt":"2026-03-07T12:33:53","slug":"book-quintoneria-majareta","status":"publish","type":"page","link":"https:\/\/laquintoneria.com\/en\/book-quintoneria-majareta\/","title":{"rendered":"Book \u2013 La Quintoner\u00eda Majareta (City Center)"},"content":{"rendered":"<section class=\"l-section wpb_row height_medium\"><div class=\"l-section-h i-cf\"><div class=\"g-cols vc_row via_flex valign_top type_default stacking_default\"><div class=\"vc_col-sm-12 wpb_column vc_column_container\"><div class=\"vc_column-inner\"><div class=\"wpb_wrapper\"><div class=\"w-hwrapper align_justify valign_middle\" style=\"--hwrapper-gap:1.20rem\">[vc_custom_heading text=&#8221;Book \u2013 La Quintoner\u00eda Majareta (City Center)&#8221; font_container=&#8221;tag:h1|text_align:left&#8221; use_theme_fonts=&#8221;yes&#8221; css=&#8221;%7B%22mobiles%22%3A%7B%22font-size%22%3A%222.5rem%22%7D%7D&#8221;]<div class=\"w-image us_custom_ecfd47d2 align_right\"><div class=\"w-image-h\"><img loading=\"lazy\" decoding=\"async\" width=\"850\" height=\"450\" src=\"https:\/\/laquintoneria.com\/wp-content\/uploads\/2023\/10\/cookies.png\" class=\"attachment-full size-full\" alt=\"\" \/><\/div><\/div><\/div><div class=\"wpb_text_column\"><div class=\"wpb_wrapper\"><p>Book your table here at <strong>La Quintoner\u00eda Majareta<\/strong>, located at <strong>28 Granada Street<\/strong> (M\u00e1laga city center).<\/p>\n<p>To make a reservation at our other Quintoner\u00edas, you will need to call the corresponding location.<\/p>\n<\/div><\/div><div class=\"wpb_text_column\"><div class=\"wpb_wrapper\"><p><script type=\"text\/javascript\" src=\"https:\/\/www.covermanager.com\/js\/iframeResizer\/iframeResizer.min.js\"><\/script><iframe loading=\"lazy\" id=\"la-quintoneria-majareta\" title=\"Reservas\" src=\"https:\/\/www.covermanager.com\/reserve\/module_restaurant\/la-quintoneria-majareta\/english\" allow=\"payment\" frameborder=\"0\" height=\"550\" width=\"100%\" onload=\"iFrameResize();\"><\/iframe><\/p>\n<\/div><\/div><\/div><\/div><\/div><\/div><\/div><\/section>\n","protected":false},"excerpt":{"rendered":"[vc_custom_heading text=\"Book \u2013 La Quintoner\u00eda Majareta (City Center)\" font_container=\"tag:h1|text_align:left\" use_theme_fonts=\"yes\" css=\"%7B%22mobiles%22%3A%7B%22font-size%22%3A%222.5rem%22%7D%7D\"]Book your table here at La Quintoner\u00eda Majareta, located at 28 Granada Street (M\u00e1laga city center). To make a reservation at our other Quintoner\u00edas, you will need to call the corresponding location.","protected":false},"author":2,"featured_media":0,"parent":0,"menu_order":0,"comment_status":"closed","ping_status":"open","template":"","meta":{"footnotes":""},"class_list":["post-1190","page","type-page","status-publish","hentry"],"yoast_head":"<!-- This site is optimized with the Yoast SEO plugin v27.4 - https:\/\/yoast.com\/product\/yoast-seo-wordpress\/ -->\n<title>Book \u2013 La Quintoner\u00eda Majareta (City Center) | La Quintoner\u00eda<\/title>\n<meta name=\"robots\" content=\"noindex, follow\" \/>\n<meta property=\"og:locale\" content=\"en_US\" \/>\n<meta property=\"og:type\" content=\"article\" \/>\n<meta property=\"og:title\" content=\"Book \u2013 La Quintoner\u00eda Majareta (City Center) | La Quintoner\u00eda\" \/>\n<meta property=\"og:url\" content=\"https:\/\/laquintoneria.com\/en\/book-quintoneria-majareta\/\" \/>\n<meta property=\"og:site_name\" content=\"La Quintoner\u00eda\" \/>\n<meta property=\"article:modified_time\" content=\"2026-03-07T12:33:53+00:00\" \/>\n<meta name=\"twitter:card\" content=\"summary_large_image\" \/>\n<meta name=\"twitter:label1\" content=\"Est. reading time\" \/>\n\t<meta name=\"twitter:data1\" content=\"1 minute\" \/>\n<script type=\"application\/ld+json\" class=\"yoast-schema-graph\">{\"@context\":\"https:\\\/\\\/schema.org\",\"@graph\":[{\"@type\":\"WebPage\",\"@id\":\"https:\\\/\\\/laquintoneria.com\\\/en\\\/book-quintoneria-majareta\\\/\",\"url\":\"https:\\\/\\\/laquintoneria.com\\\/en\\\/book-quintoneria-majareta\\\/\",\"name\":\"Book \u2013 La Quintoner\u00eda Majareta (City Center) | La Quintoner\u00eda\",\"isPartOf\":{\"@id\":\"https:\\\/\\\/laquintoneria.com\\\/en\\\/#website\"},\"datePublished\":\"2025-05-12T20:17:36+00:00\",\"dateModified\":\"2026-03-07T12:33:53+00:00\",\"breadcrumb\":{\"@id\":\"https:\\\/\\\/laquintoneria.com\\\/en\\\/book-quintoneria-majareta\\\/#breadcrumb\"},\"inLanguage\":\"en-US\",\"potentialAction\":[{\"@type\":\"ReadAction\",\"target\":[\"https:\\\/\\\/laquintoneria.com\\\/en\\\/book-quintoneria-majareta\\\/\"]}]},{\"@type\":\"BreadcrumbList\",\"@id\":\"https:\\\/\\\/laquintoneria.com\\\/en\\\/book-quintoneria-majareta\\\/#breadcrumb\",\"itemListElement\":[{\"@type\":\"ListItem\",\"position\":1,\"name\":\"Portada\",\"item\":\"https:\\\/\\\/laquintoneria.com\\\/en\\\/\"},{\"@type\":\"ListItem\",\"position\":2,\"name\":\"Book \u2013 La Quintoner\u00eda Majareta (City Center)\"}]},{\"@type\":\"WebSite\",\"@id\":\"https:\\\/\\\/laquintoneria.com\\\/en\\\/#website\",\"url\":\"https:\\\/\\\/laquintoneria.com\\\/en\\\/\",\"name\":\"La Quintoner\u00eda\",\"description\":\"\",\"potentialAction\":[{\"@type\":\"SearchAction\",\"target\":{\"@type\":\"EntryPoint\",\"urlTemplate\":\"https:\\\/\\\/laquintoneria.com\\\/en\\\/?s={search_term_string}\"},\"query-input\":{\"@type\":\"PropertyValueSpecification\",\"valueRequired\":true,\"valueName\":\"search_term_string\"}}],\"inLanguage\":\"en-US\"}]}<\/script>\n<!-- \/ Yoast SEO plugin. -->","yoast_head_json":{"title":"Book \u2013 La Quintoner\u00eda Majareta (City Center) | La Quintoner\u00eda","robots":{"index":"noindex","follow":"follow"},"og_locale":"en_US","og_type":"article","og_title":"Book \u2013 La Quintoner\u00eda Majareta (City Center) | La Quintoner\u00eda","og_url":"https:\/\/laquintoneria.com\/en\/book-quintoneria-majareta\/","og_site_name":"La Quintoner\u00eda","article_modified_time":"2026-03-07T12:33:53+00:00","twitter_card":"summary_large_image","twitter_misc":{"Est. reading time":"1 minute"},"schema":{"@context":"https:\/\/schema.org","@graph":[{"@type":"WebPage","@id":"https:\/\/laquintoneria.com\/en\/book-quintoneria-majareta\/","url":"https:\/\/laquintoneria.com\/en\/book-quintoneria-majareta\/","name":"Book \u2013 La Quintoner\u00eda Majareta (City Center) | La Quintoner\u00eda","isPartOf":{"@id":"https:\/\/laquintoneria.com\/en\/#website"},"datePublished":"2025-05-12T20:17:36+00:00","dateModified":"2026-03-07T12:33:53+00:00","breadcrumb":{"@id":"https:\/\/laquintoneria.com\/en\/book-quintoneria-majareta\/#breadcrumb"},"inLanguage":"en-US","potentialAction":[{"@type":"ReadAction","target":["https:\/\/laquintoneria.com\/en\/book-quintoneria-majareta\/"]}]},{"@type":"BreadcrumbList","@id":"https:\/\/laquintoneria.com\/en\/book-quintoneria-majareta\/#breadcrumb","itemListElement":[{"@type":"ListItem","position":1,"name":"Portada","item":"https:\/\/laquintoneria.com\/en\/"},{"@type":"ListItem","position":2,"name":"Book \u2013 La Quintoner\u00eda Majareta (City Center)"}]},{"@type":"WebSite","@id":"https:\/\/laquintoneria.com\/en\/#website","url":"https:\/\/laquintoneria.com\/en\/","name":"La Quintoner\u00eda","description":"","potentialAction":[{"@type":"SearchAction","target":{"@type":"EntryPoint","urlTemplate":"https:\/\/laquintoneria.com\/en\/?s={search_term_string}"},"query-input":{"@type":"PropertyValueSpecification","valueRequired":true,"valueName":"search_term_string"}}],"inLanguage":"en-US"}]}},"_links":{"self":[{"href":"https:\/\/laquintoneria.com\/en\/wp-json\/wp\/v2\/pages\/1190","targetHints":{"allow":["GET"]}}],"collection":[{"href":"https:\/\/laquintoneria.com\/en\/wp-json\/wp\/v2\/pages"}],"about":[{"href":"https:\/\/laquintoneria.com\/en\/wp-json\/wp\/v2\/types\/page"}],"author":[{"embeddable":true,"href":"https:\/\/laquintoneria.com\/en\/wp-json\/wp\/v2\/users\/2"}],"replies":[{"embeddable":true,"href":"https:\/\/laquintoneria.com\/en\/wp-json\/wp\/v2\/comments?post=1190"}],"version-history":[{"count":7,"href":"https:\/\/laquintoneria.com\/en\/wp-json\/wp\/v2\/pages\/1190\/revisions"}],"predecessor-version":[{"id":1473,"href":"https:\/\/laquintoneria.com\/en\/wp-json\/wp\/v2\/pages\/1190\/revisions\/1473"}],"wp:attachment":[{"href":"https:\/\/laquintoneria.com\/en\/wp-json\/wp\/v2\/media?parent=1190"}],"curies":[{"name":"wp","href":"https:\/\/api.w.org\/{rel}","templated":true}]}}